{"id":48,"date":"2012-08-08T11:02:55","date_gmt":"2012-08-08T09:02:55","guid":{"rendered":"https:\/\/edelweiss-hohenkemnath.de\/edelweiss\/chronik-1954-2003\/"},"modified":"2023-02-07T16:35:26","modified_gmt":"2023-02-07T15:35:26","slug":"chronik-1954-2003","status":"publish","type":"page","link":"https:\/\/edelweiss-hohenkemnath.de\/?page_id=48","title":{"rendered":"Die Vereinschronik"},"content":{"rendered":"\n<p>Geschichte der Sch\u00fctzengesellschaft &#8222;Edelwei\u00df&#8220; Hohenkemnath e.V.<\/p>\n\n\n<div class=\"wp-block-image\">\n<figure class=\"aligncenter size-full\"><img loading=\"lazy\" decoding=\"async\" width=\"433\" height=\"216\" src=\"http:\/\/edelweiss-hohenkemnath.de\/wp-content\/uploads\/2023\/01\/sf_wappen_gewehr.png\" alt=\"\" class=\"wp-image-329\" srcset=\"https:\/\/edelweiss-hohenkemnath.de\/wp-content\/uploads\/2023\/01\/sf_wappen_gewehr.png 433w, https:\/\/edelweiss-hohenkemnath.de\/wp-content\/uploads\/2023\/01\/sf_wappen_gewehr-300x150.png 300w\" sizes=\"auto, (max-width: 433px) 100vw, 433px\" \/><\/figure>\n<\/div>\n\n\n<p><strong>Juni 1954:<\/strong><br>Gr\u00fcndungsversammlung in der Gastwirtschaft Hirsch, Franz Wenkmann wird zum 1. Sch\u00fctzenmeister, Georg Hirsch zum 2. Sch\u00fctzenmeister gew\u00e4hlt.<\/p>\n\n\n\n<p><strong>Juli 1954:<\/strong><br>Erstes Schie\u00dfen auf einem Behelfsschie\u00dfstand mit dem Luftgewehr von Egid Koller.<\/p>\n\n\n\n<p><strong>Oktober 1954:<\/strong><br>Ankauf eines Gewehres zum Preis von 83,50 DM.<\/p>\n\n\n\n<p><strong>Dezember 1954:<\/strong><br>Bei der Auff\u00fchrung des 1. Theaterst\u00fcckes wird ein Gewinn von 110,00 DM erzielt. Drei Vereinsmitglieder stiften ein Gewehr mit Diopter.<\/p>\n\n\n\n<p><strong>Mai 1956:<\/strong><br>Erster H\u00f6hepunkt im Vereinsleben mit der Weihe einer neuen Fahne. Zum Fest erscheinen \u00fcber 40 Vereine. Auf 15 automatischen Schie\u00dfst\u00e4nden wird an 3 Tagen ein Fahnenweihschie\u00dfen durchgef\u00fchrt.<\/p>\n\n\n\n<p><strong>Juli 1956:<\/strong><br>Leni Rubenbauer wird Gausch\u00fctzenliesl.<\/p>\n\n\n\n<p><strong>Dezember 1966:<\/strong><br>Hans Baumer wird zum 1. Sch\u00fctzenmeister gew\u00e4hlt. Franz Wenkmann erh\u00e4lt f\u00fcr seine Verdienste den Titel &#8222;Ehrensch\u00fctzenmeister&#8220;.<\/p>\n\n\n\n<p><strong>Mai 1967:<\/strong><br>Als Anreiz f\u00fcr Jugendliche gibt es erstmals einen Jungsch\u00fctzenk\u00f6nig.<\/p>\n\n\n\n<p><strong>Oktober 1971:<\/strong><br>Hans Wenkmann II gewinnt den Vico-Torriani-Pokal.<\/p>\n\n\n\n<p><strong>Dezember 1971:<\/strong><br>Die erste Mannschaft steigt zum zweiten Mal in Folge in die n\u00e4chsth\u00f6here Klasse auf und schie\u00dft jetzt in der A-Klasse.<\/p>\n\n\n\n<p><strong>Juni 1972:<\/strong><br>Emil Heidl erringt den Titel eines Gausch\u00fctzenk\u00f6nigs.<\/p>\n\n\n\n<p><strong>Januar 1976:<\/strong><br>Die Sch\u00fctzengesellschaft &#8222;Edelwei\u00df&#8220; Hohenkemnath schlie\u00dft sich wieder dem Sch\u00fctzengau Amberg an.<\/p>\n\n\n\n<p><strong>Mai 1978:<\/strong><br>Winfried Wenkmann tritt die Nachfolge des im April verstorbenen 1. Sch\u00fctzenmeisters Hans Baumer an.<\/p>\n\n\n\n<p><strong>Oktober 1978:<\/strong><br>Eintragung der Sch\u00fctzengesellschaft im Vereinsregister des Amtsgerichtes Amberg.<\/p>\n\n\n\n<p><strong>Juni 1979:<\/strong><br>25j\u00e4hriges Gr\u00fcndungsfest mit Jubil\u00e4umsschie\u00dfen unter der Schirmherrschaft von B\u00fcrgermeister Anton Lindner. Ein abwechslungsreiches Programm zieht viele Sch\u00fctzenfreunde und G\u00e4ste in unser Festzelt beim Gasthaus Hirsch.<\/p>\n\n\n\n<p>Donnerstag: Boxkampf des BC Amberg gegen BC Ries\/\u00d6ttingen<br>Freitag: Oberpf\u00e4lzer Heimatabend mit Hanns Binder und den &#8222;Birgl\u00e4nder Musikanten&#8220;<br>Samstag: Kommersabend mit Ehrungen<br>Sonntag: Weihe der renovierten Fahne mit Festgottesdienst und Festzug<br>Montag: Bauerntag mit Staatssekret\u00e4r Simon N\u00fcssel<\/p>\n\n\n\n<p><strong>Juni 1979:<\/strong><br>Mit einem 35-Teiler wird Rita Wenkmann Gausch\u00fctzenk\u00f6nig beim 27. Gauschie\u00dfen in Pursruck.<\/p>\n\n\n\n<p><strong>Juni 1984:<\/strong><br>Vereinsinternes Jubil\u00e4umsschie\u00dfen anl\u00e4sslich des 30j\u00e4hrigen Vereinsjubil\u00e4ums. Christian Wenkmann wird als 150. Vereinsmitglied und als 4000. Mitglied im Sch\u00fctzengau Amberg geehrt.<\/p>\n\n\n\n<p><strong>Dezember 1986:<\/strong><br>Zur Aufbesserung der Vereinskasse f\u00fchrt man im Vereinslokal eine Christbaumversteigerung durch.<\/p>\n\n\n\n<p><strong>Mai 1987:<\/strong><br>Nach langer Unterbrechung wird wieder mit Luftpistole geschossen.<\/p>\n\n\n\n<p><strong>Oktober 1987:<\/strong><br>Einweihungsschie\u00dfen f\u00fcr die 5 automatischen Zugst\u00e4nde.<\/p>\n\n\n\n<p><strong>Juli 1988:<\/strong><br>Aus den fr\u00fcheren Gartenfesten entsteht das &#8222;Stodlfest&#8220;, das nun regelm\u00e4\u00dfig am 3. Samstag im Juli gefeiert wird.<\/p>\n\n\n\n<p><strong>Juli 1988:<\/strong><br>Am 29.07.1988 verstirbt der verdiente Ehrensch\u00fctzenmeister Franz Wenkmann.<\/p>\n\n\n\n<p><strong>September 1988:<\/strong><br>Der bisher gr\u00f6\u00dfte sportliche Erfolg: Die 1. Herrenmannschaft steigt in die Kreisliga West auf.<\/p>\n\n\n\n<p><strong>Mai 1990:<\/strong><br>Josef Hummel legt nach 21 Jahren sein Amt als 2. Sch\u00fctzenmeister nieder. Nachfolger wird Josef Hirsch.<\/p>\n\n\n\n<p><strong>Januar 1992:<\/strong><br>1. Sch\u00fctzenmeister Winfried Wenkmann wird aufgrund seiner Verdienste um den Verein zum Obersch\u00fctzenmeister ernannt. Michael Strobl wird als 200. Vereinsmitglied geehrt.<\/p>\n\n\n\n<p><strong>Mai 1992:<\/strong><br>Bei der Gaumeisterschaft erringt Daniel Hirsch in der Sch\u00fclerklasse den Titel eines Gaumeisters.<\/p>\n\n\n\n<p><strong>Juni 1992:<\/strong><br>Es wird beschlossen, sich um das 42. Gauschie\u00dfen anl\u00e4sslich des 40j\u00e4hrigen Gr\u00fcndungsfestes 1994 zu bewerben.<\/p>\n\n\n\n<p><strong>Januar 1993:<\/strong><br>Unsere Sch\u00fclerin Katja Trettenbach wird in den OSB-Kader aufgenommen, ein weiterer Beweis f\u00fcr die erfolgreiche Jugendarbeit des Vereins.<\/p>\n\n\n\n<p><strong>November 1993:<\/strong><br>Patenbitten in Oberleinsiedl, Erneuerung der Patenschaft mit den &#8222;Haagerthaler&#8220; Sch\u00fctzen.<\/p>\n\n\n\n<p><strong>Januar 1994:<\/strong><br>Der langj\u00e4hrige und erfolgreiche Jugendleiter Edi Str\u00f6hl legt nach 25 Jahren sein Amt nieder. Nachfolger werden Norbert Lei\u00dfl und Christian Wenkmann jun.<\/p>\n\n\n\n<p><strong>Juni 1994:<\/strong><br>Am 10.06. wird das 42. Gauschie\u00dfen des Sch\u00fctzengaues Amberg in Hohenkemnath er\u00f6ffnet.<\/p>\n\n\n\n<p><strong>Juli 1994:<\/strong><br>40j\u00e4hriges Gr\u00fcndungsfest unter der Schirmherrschaft von Landrat Dr. Hans Wagner. Bei herrlichem Wetter wird den G\u00e4sten an 4 Tagen ein umfangreiches Festprogramm angeboten:<\/p>\n\n\n\n<p>Freitag: &#8222;Bayerischer Abend&#8220; mit der Damenband &#8222;Bayerische 7&#8220;&nbsp;und dem &#8222;Original Naabtal-Duo&#8220;.<br>Samstag: Tag der Jugend mit den Bands &#8222;Eastwind&#8220; und &#8222;Cash&#8220; Sonntag: Festgottesdienst, Festzug mit 85 Vereinen, Preisverteilung zum 42. Gauschie\u00dfen.<br>Montag: Politischer Abend: Anstelle der erkrankten Staatssekret\u00e4rin Monika Hohlmeier kommt kurzfristig CSU-Generalsekret\u00e4r Erwin Huber.<\/p>\n\n\n\n<p><strong>Oktober 1995:<\/strong><br>Vom 13. bis 15. Oktober f\u00fchren die Edelwei\u00dfsch\u00fctzen einen Vereinsausflug nach L\u00fcsen in S\u00fcdtirol durch. Dort wird unter anderem ein Freundschaftsschie\u00dfen mit der Sch\u00fctzenkompanie &#8222;Rosenthal L\u00fcsen&#8220; abgehalten.<\/p>\n\n\n\n<p><strong>M\u00e4rz 1996:<\/strong><br>Intensive Diskussion in einer Ausschusssitzung \u00fcber neue R\u00e4ume f\u00fcr die Sch\u00fctzen.<\/p>\n\n\n\n<p><strong>Oktober 1997:<\/strong><br>Sch\u00fctzenausflug vom 3. bis 5. Oktober nach L\u00fcsen, S\u00fcdtirol.<\/p>\n\n\n\n<p><strong>Dezember 1997:<\/strong><br>Nach l\u00e4ngerer Pause wird am 27. Dezember eine Christbaumversteigerung abgehalten.<\/p>\n\n\n\n<p><strong>Juni 1998:<\/strong><br>Die Preisverteilung f\u00fcr das Johannisschie\u00dfen erfolgt erstmals im Rahmen eines Johannifeuers, das von den Kirwapaaren abgebrannt wird.<\/p>\n\n\n\n<p><strong>Juli 1998:<\/strong><br>Eine Abordnung der Edelwei\u00dfsch\u00fctzen beteiligt sich am 11. und 12. Juli beim 50j\u00e4hrigen Wiedergr\u00fcndungsfest der Sch\u00fctzenkompanie &#8222;Rosenthal L\u00fcsen&#8220;.<\/p>\n\n\n\n<p><strong>Dezember 1998:<\/strong><br>Die Sch\u00fctzengesellschaft stellt erstmals in Hohenkemnath in der Ortsmitte einen Christbaum auf. Der Erl\u00f6s aus dem Verkauf von Gl\u00fchwein und hei\u00dfen Wienern wird an den Krankenpflegeverein Hohenkemnath \u00fcbergeben.<\/p>\n\n\n\n<p><strong>M\u00e4rz 1999:<\/strong><br>Gerhard Herbst wird bei der Gaumeisterschaft in der Sch\u00fctzenklasse mit 388 Ringen Gaumeister.<\/p>\n\n\n\n<p><strong>Juni 1999:<\/strong><br>Nachdem bei mehreren Gespr\u00e4chen die Tendenz zu einem Neubau des Sch\u00fctzenheimes beim Gasthaus Hirsch zu erkennen war, wird bei der Ausschusssitzung am 15. Juni ein Vorentwurf dazu vorgestellt.<\/p>\n\n\n\n<p><strong>Dezember 1999:<\/strong><br>Aufstieg der Pistolenmannschaft in die Bezirksliga.<\/p>\n\n\n\n<p><strong>Dezember 1999:<\/strong><br>Die Hohenkemnather Vereine veranstalten unter der Federf\u00fchrung von Obersch\u00fctzenmeister Winfried Wenkmann auf dem Vorplatz der Pfarrkirche einen gemeinsamen Adventsmarkt.<\/p>\n\n\n\n<p><strong>Januar 2000:<\/strong><br>Bei der Generalversammlung am 22. Januar wird der Plan f\u00fcr den Neubau eines Sch\u00fctzenheimes beim Gasthaus Hirsch besprochen und einstimmig genehmigt.<\/p>\n\n\n\n<p><strong>M\u00e4rz 2000:<\/strong><br>Mit den Abbrucharbeiten am alten Schie\u00dfstand f\u00e4llt der Startschuss zum Neubau.<\/p>\n\n\n\n<p><strong>April 2000:<\/strong><br>Die 1. Mannschaft steigt in die Kreisliga West auf.<\/p>\n\n\n\n<p><strong>August 2000:<\/strong><br>Die Edelwei\u00dfsch\u00fctzen feiern Richtfest f\u00fcr das neue Sch\u00fctzenheim.<\/p>\n\n\n\n<p><strong>M\u00e4rz 2001:<\/strong><br>Am Einweihungsschie\u00dfen auf den neuen Schie\u00dfst\u00e4nden beteiligen sich 154 Sch\u00fctzinnen und Sch\u00fctzen. Die Einweihungsfeier f\u00fcr das neue Sch\u00fctzenheim findet am 17. M\u00e4rz statt.<\/p>\n\n\n\n<p><strong>M\u00e4rz 2001:<\/strong><br>Alexander Kohls erringt bei der Gaumeisterschaft in der Jugendklasse den Titel eines Gaumeisters.<\/p>\n\n\n\n<p><strong>Januar 2002:<\/strong><br>Bei der Generalversammlung am 19. Januar wird einstimmig beschlossen, dass sich die SG &#8222;Edelwei\u00df&#8220; Hohenkemnath um das Gauschie\u00dfen im Jahr 2004 bewerben soll.<\/p>\n\n\n\n<p><strong>Februar 2002:<\/strong><br>Erste Vorplanungen zur Durchf\u00fchrung des 50j\u00e4hrigen Vereinsjubil\u00e4ums im Jahre 2004<\/p>\n\n\n\n<p><strong>M\u00e4rz 2002:<\/strong><br>Gerhard Herbst schafft bei den Gaumeisterschaften wiederum den Titel eines Gaumeisters in der Sch\u00fctzenklasse, Alexander Kohls holt sich den Sieg in der Jugendklasse.<\/p>\n\n\n\n<p><strong>Januar 2003:<\/strong><br>Wahl des Festausschusses f\u00fcr das 50j\u00e4hrige Gr\u00fcndungsfest vom 16. bis 19. Juli 2004<\/p>\n\n\n\n<p><strong>M\u00e4rz 2003:<\/strong><br>Die Delegiertenversammlung des Sch\u00fctzengaues Amberg vergibt das Gauschie\u00dfen 2004 an die SG &#8222;Edelwei\u00df&#8220; Hohenkemnath.<\/p>\n\n\n\n<p><strong>M\u00e4rz 2003:<\/strong><br>Gerhard Herbst wird bei der Gaumeisterschaft zum 3. Mal in Folge Sieger in der Sch\u00fctzenklasse.<\/p>\n\n\n\n<p><strong>April 2003:<\/strong><br>Nach 20 Jahren Pause findet wieder ein Freundschaftsschie\u00dfen gegen die Hubertussch\u00fctzen aus Ursensollen statt.<\/p>\n\n\n\n<p><strong>November 2003:<\/strong><br>Patenbitten bei den &#8222;Haagerthaler&#8220; Sch\u00fctzen in Oberleinsiedl.<\/p>\n\n\n\n<p><strong>5. Juni bis 4. Juli 2004:<\/strong><br>Ausrichtung des 52. Gauschie\u00dfens des Sch\u00fctzengaues Amberg.<\/p>\n\n\n\n<p><strong>Juli 2004:<\/strong><br>Feier des 50-j\u00e4hrigen Vereinsjubil\u00e4ums von Freitag, 16.07. bis Montag, 19.07.2004<\/p>\n\n\n\n<p><strong>September 2005:<\/strong><br>Fahrt zur Sch\u00fctzenkompanie L\u00fcsen in S\u00fcdtirol.<\/p>\n\n\n\n<p><strong>2006:<\/strong><br>Nach vielen Jahren wurde wieder ein Faschingsball ausgerichtet. Bei der Gaumeisterschaft belegte Matthias Wenkmann Platz 1. mit der Luftpistole. Beim Gauschie\u00dfen wurde Hans Wenkmann II Gauk\u00f6nig, Norbert Lei\u00dfl 1. Ritter und Irgmard Wenkmann 2. Zofe.<\/p>\n\n\n\n<p><strong>2007:<\/strong><br>Freundschaftsschie\u00dfen in Paulsdorf und Gerhard Herbst wird bei der Gaumeisterschaft 1. in der Altersklasse.<\/p>\n\n\n\n<p><strong>M\u00e4rz 2008:<\/strong><br>Erstmals richtete die SG einen Kinder- und Babybekleidungsbasar aus.<\/p>\n\n\n\n<p><strong>Juli 2008:<\/strong><br>Teilnahme am 60-j\u00e4hrigen Wiedergr\u00fcndungsfest der Sch\u00fctzenkompanie &#8222;Rosenthal&#8220; L\u00fcsen in S\u00fcdtirol.<\/p>\n\n\n\n<p><strong>27. Dezember 2008:<\/strong><br>Christbaumversteigerung<\/p>\n\n\n\n<p><strong>2009:<\/strong><br>Gerhard Herbst wird mit dem Luftgewehr Bayerischer Meister in der Alterklasse. Diesen Erfolg wiederholte er in den Jahren 2010 und 2011.<\/p>\n\n\n\n<p><strong>2010:<\/strong><br>Wiederaufbau der Donatuskapelle am Hohenkemnather Ortsrand.<\/p>\n\n\n\n<p><strong>Mai 2011:<\/strong><br>Organisation des Starts zum Landkreislauf.<\/p>\n\n\n\n<p><strong>Januar 2014:<\/strong><br>nach 36 Jahren im Amt \u00fcbergibt Obersch\u00fctzenmeister Winfried Wenkmann sein Amt. Gleichzeitig wurde er zum Ehren-Obersch\u00fctzenmeister des Vereins ernannt. Seine Nachfolge tritt Hans Wenkmann an.<\/p>\n\n\n\n<p><strong>Mai 2014:<\/strong><br>Ausrichtung des 62. Gauschie\u00dfen des Sch\u00fctzengaues Amberg mit 470 Teilnehmern. Stefanie Birzer sichert sich dabei den Titel der Gauliesl.<\/p>\n","protected":false},"excerpt":{"rendered":"<p>Geschichte der Sch\u00fctzengesellschaft &#8222;Edelwei\u00df&#8220; Hohenkemnath e.V. Juni 1954:Gr\u00fcndungsversammlung in der Gastwirtschaft Hirsch, Franz Wenkmann wird zum 1. Sch\u00fctzenmeister, Georg Hirsch zum 2. Sch\u00fctzenmeister gew\u00e4hlt. Juli 1954:Erstes Schie\u00dfen auf einem Behelfsschie\u00dfstand mit dem Luftgewehr von Egid Koller. Oktober 1954:Ankauf eines Gewehres zum Preis von 83,50 DM. Dezember 1954:Bei der Auff\u00fchrung des 1. Theaterst\u00fcckes wird ein Gewinn [&hellip;]<\/p>\n","protected":false},"author":2,"featured_media":0,"parent":0,"menu_order":3,"comment_status":"closed","ping_status":"closed","template":"","meta":{"footnotes":""},"class_list":["post-48","page","type-page","status-publish","hentry"],"blog_post_layout_featured_media_urls":{"thumbnail":"","full":""},"categories_names":null,"comments_number":"0","wpmagazine_modules_lite_featured_media_urls":{"thumbnail":"","cvmm-medium":"","cvmm-medium-plus":"","cvmm-portrait":"","cvmm-medium-square":"","cvmm-large":"","cvmm-small":"","full":""},"_links":{"self":[{"href":"https:\/\/edelweiss-hohenkemnath.de\/index.php?rest_route=\/wp\/v2\/pages\/48","targetHints":{"allow":["GET"]}}],"collection":[{"href":"https:\/\/edelweiss-hohenkemnath.de\/index.php?rest_route=\/wp\/v2\/pages"}],"about":[{"href":"https:\/\/edelweiss-hohenkemnath.de\/index.php?rest_route=\/wp\/v2\/types\/page"}],"author":[{"embeddable":true,"href":"https:\/\/edelweiss-hohenkemnath.de\/index.php?rest_route=\/wp\/v2\/users\/2"}],"replies":[{"embeddable":true,"href":"https:\/\/edelweiss-hohenkemnath.de\/index.php?rest_route=%2Fwp%2Fv2%2Fcomments&post=48"}],"version-history":[{"count":3,"href":"https:\/\/edelweiss-hohenkemnath.de\/index.php?rest_route=\/wp\/v2\/pages\/48\/revisions"}],"predecessor-version":[{"id":428,"href":"https:\/\/edelweiss-hohenkemnath.de\/index.php?rest_route=\/wp\/v2\/pages\/48\/revisions\/428"}],"wp:attachment":[{"href":"https:\/\/edelweiss-hohenkemnath.de\/index.php?rest_route=%2Fwp%2Fv2%2Fmedia&parent=48"}],"curies":[{"name":"wp","href":"https:\/\/api.w.org\/{rel}","templated":true}]}}